{"id":3417,"date":"2023-09-14T08:13:21","date_gmt":"2023-09-14T08:13:21","guid":{"rendered":"https:\/\/lacamaramagica.es\/contacte\/"},"modified":"2024-09-23T14:50:17","modified_gmt":"2024-09-23T14:50:17","slug":"contacte","status":"publish","type":"page","link":"https:\/\/lacamaramagica.es\/ca\/contacte\/","title":{"rendered":"Contacte"},"content":{"rendered":"\t\t<div data-elementor-type=\"wp-page\" data-elementor-id=\"3417\" class=\"elementor elementor-3417 elementor-227\" data-elementor-post-type=\"page\">\n\t\t\t\t<div class=\"elementor-element elementor-element-8f9432a e-con-full e-flex e-con e-parent\" data-id=\"8f9432a\" data-element_type=\"container\" data-settings=\"{&quot;background_background&quot;:&quot;classic&quot;}\">\n\t\t\t\t<\/div>\n\t\t<section class=\"elementor-element elementor-element-8bf9c6d e-con-full e-flex e-con e-parent\" data-id=\"8bf9c6d\" data-element_type=\"container\">\n\t\t\t\t<div class=\"elementor-element elementor-element-a57c4f5 elementor-widget elementor-widget-text-editor\" data-id=\"a57c4f5\" data-element_type=\"widget\" data-widget_type=\"text-editor.default\">\n\t\t\t\t<div class=\"elementor-widget-container\">\n\t\t\t\t\t\t\t\t\t<p>Si tens alguna pregunta o necessites m\u00e9s informaci\u00f3, <strong>no dubtis a contactar amb mi.<\/strong><\/p>\n\t\t\t\t\t\t\t\t<\/div>\n\t\t\t\t<\/div>\n\t\t<div class=\"elementor-element elementor-element-b942080 e-flex e-con-boxed e-con e-child\" data-id=\"b942080\" data-element_type=\"container\">\n\t\t\t\t\t<div class=\"e-con-inner\">\n\t\t<div class=\"elementor-element elementor-element-1f0350d e-con-full e-flex e-con e-child\" data-id=\"1f0350d\" data-element_type=\"container\">\n\t\t\t\t<div class=\"elementor-element elementor-element-e5808e8 elementor-view-stacked elementor-position-left elementor-mobile-position-left elementor-shape-circle elementor-vertical-align-top elementor-widget elementor-widget-icon-box\" data-id=\"e5808e8\" data-element_type=\"widget\" data-widget_type=\"icon-box.default\">\n\t\t\t\t<div class=\"elementor-widget-container\">\n\t\t\t\t\t\t\t<div class=\"elementor-icon-box-wrapper\">\n\n\t\t\t\t\t\t<div class=\"elementor-icon-box-icon\">\n\t\t\t\t<span  class=\"elementor-icon elementor-animation-\">\n\t\t\t\t<svg aria-hidden=\"true\" class=\"e-font-icon-svg e-fas-map-marker-alt\" viewBox=\"0 0 384 512\" xmlns=\"http:\/\/www.w3.org\/2000\/svg\"><path d=\"M172.268 501.67C26.97 291.031 0 269.413 0 192 0 85.961 85.961 0 192 0s192 85.961 192 192c0 77.413-26.97 99.031-172.268 309.67-9.535 13.774-29.93 13.773-39.464 0zM192 272c44.183 0 80-35.817 80-80s-35.817-80-80-80-80 35.817-80 80 35.817 80 80 80z\"><\/path><\/svg>\t\t\t\t<\/span>\n\t\t\t<\/div>\n\t\t\t\n\t\t\t\t\t\t<div class=\"elementor-icon-box-content\">\n\n\t\t\t\t\t\t\t\t\t<h3 class=\"elementor-icon-box-title\">\n\t\t\t\t\t\t<span  >\n\t\t\t\t\t\t\tCarrer Nou, 1, Local C, 08840 Viladecans, Barcelona\t\t\t\t\t\t<\/span>\n\t\t\t\t\t<\/h3>\n\t\t\t\t\n\t\t\t\t\n\t\t\t<\/div>\n\t\t\t\n\t\t<\/div>\n\t\t\t\t\t\t<\/div>\n\t\t\t\t<\/div>\n\t\t\t\t<div class=\"elementor-element elementor-element-fa309c0 elementor-view-stacked elementor-position-left elementor-mobile-position-left elementor-shape-circle elementor-vertical-align-top elementor-widget elementor-widget-icon-box\" data-id=\"fa309c0\" data-element_type=\"widget\" data-widget_type=\"icon-box.default\">\n\t\t\t\t<div class=\"elementor-widget-container\">\n\t\t\t\t\t\t\t<div class=\"elementor-icon-box-wrapper\">\n\n\t\t\t\t\t\t<div class=\"elementor-icon-box-icon\">\n\t\t\t\t<span  class=\"elementor-icon elementor-animation-\">\n\t\t\t\t<svg aria-hidden=\"true\" class=\"e-font-icon-svg e-fas-phone-alt\" viewBox=\"0 0 512 512\" xmlns=\"http:\/\/www.w3.org\/2000\/svg\"><path d=\"M497.39 361.8l-112-48a24 24 0 0 0-28 6.9l-49.6 60.6A370.66 370.66 0 0 1 130.6 204.11l60.6-49.6a23.94 23.94 0 0 0 6.9-28l-48-112A24.16 24.16 0 0 0 122.6.61l-104 24A24 24 0 0 0 0 48c0 256.5 207.9 464 464 464a24 24 0 0 0 23.4-18.6l24-104a24.29 24.29 0 0 0-14.01-27.6z\"><\/path><\/svg>\t\t\t\t<\/span>\n\t\t\t<\/div>\n\t\t\t\n\t\t\t\t\t\t<div class=\"elementor-icon-box-content\">\n\n\t\t\t\t\t\t\t\t\t<h3 class=\"elementor-icon-box-title\">\n\t\t\t\t\t\t<span  >\n\t\t\t\t\t\t\t694 45 39 78\t\t\t\t\t\t<\/span>\n\t\t\t\t\t<\/h3>\n\t\t\t\t\n\t\t\t\t\n\t\t\t<\/div>\n\t\t\t\n\t\t<\/div>\n\t\t\t\t\t\t<\/div>\n\t\t\t\t<\/div>\n\t\t\t\t<div class=\"elementor-element elementor-element-4a3c6fe elementor-view-stacked elementor-position-left elementor-mobile-position-left elementor-shape-circle elementor-vertical-align-top elementor-widget elementor-widget-icon-box\" data-id=\"4a3c6fe\" data-element_type=\"widget\" data-widget_type=\"icon-box.default\">\n\t\t\t\t<div class=\"elementor-widget-container\">\n\t\t\t\t\t\t\t<div class=\"elementor-icon-box-wrapper\">\n\n\t\t\t\t\t\t<div class=\"elementor-icon-box-icon\">\n\t\t\t\t<a href=\"https:\/\/software.adminphoto.com\/formularioreservacampos\/public\/e6428f72aafea952\" class=\"elementor-icon elementor-animation-\" tabindex=\"-1\">\n\t\t\t\t<svg aria-hidden=\"true\" class=\"e-font-icon-svg e-fas-bookmark\" viewBox=\"0 0 384 512\" xmlns=\"http:\/\/www.w3.org\/2000\/svg\"><path d=\"M0 512V48C0 21.49 21.49 0 48 0h288c26.51 0 48 21.49 48 48v464L192 400 0 512z\"><\/path><\/svg>\t\t\t\t<\/a>\n\t\t\t<\/div>\n\t\t\t\n\t\t\t\t\t\t<div class=\"elementor-icon-box-content\">\n\n\t\t\t\t\t\t\t\t\t<h3 class=\"elementor-icon-box-title\">\n\t\t\t\t\t\t<a href=\"https:\/\/software.adminphoto.com\/formularioreservacampos\/public\/e6428f72aafea952\" >\n\t\t\t\t\t\t\tReserva la teva cita\t\t\t\t\t\t<\/a>\n\t\t\t\t\t<\/h3>\n\t\t\t\t\n\t\t\t\t\n\t\t\t<\/div>\n\t\t\t\n\t\t<\/div>\n\t\t\t\t\t\t<\/div>\n\t\t\t\t<\/div>\n\t\t\t\t<div class=\"elementor-element elementor-element-4ae3eca elementor-widget elementor-widget-google_maps\" data-id=\"4ae3eca\" data-element_type=\"widget\" data-widget_type=\"google_maps.default\">\n\t\t\t\t<div class=\"elementor-widget-container\">\n\t\t\t\t\t\t\t<div class=\"elementor-custom-embed\">\n\t\t\t<iframe loading=\"lazy\"\n\t\t\t\t\tsrc=\"https:\/\/maps.google.com\/maps?q=La%20camara%20magica%20Carrer%20Nou%2C%201%2C%20Local%20C%2C%2008840%20Viladecans%2C%20Barcelona&#038;t=m&#038;z=17&#038;output=embed&#038;iwloc=near\"\n\t\t\t\t\ttitle=\"La camara magica Carrer Nou, 1, Local C, 08840 Viladecans, Barcelona\"\n\t\t\t\t\taria-label=\"La camara magica Carrer Nou, 1, Local C, 08840 Viladecans, Barcelona\"\n\t\t\t><\/iframe>\n\t\t<\/div>\n\t\t\t\t\t\t<\/div>\n\t\t\t\t<\/div>\n\t\t\t\t<\/div>\n\t\t<div class=\"elementor-element elementor-element-7936ef9 e-con-full e-flex e-con e-child\" data-id=\"7936ef9\" data-element_type=\"container\">\n\t\t\t\t<div class=\"elementor-element elementor-element-5d5a82d elementor-button-align-stretch elementor-widget elementor-widget-form\" data-id=\"5d5a82d\" data-element_type=\"widget\" data-settings=\"{&quot;step_next_label&quot;:&quot;Seg\\u00fcent&quot;,&quot;step_previous_label&quot;:&quot;Anterior&quot;,&quot;button_width&quot;:&quot;25&quot;,&quot;step_type&quot;:&quot;number_text&quot;,&quot;step_icon_shape&quot;:&quot;circle&quot;}\" data-widget_type=\"form.default\">\n\t\t\t\t<div class=\"elementor-widget-container\">\n\t\t\t\t\t<textarea class=\"cfef_logic_data_js cfef-hidden\"><\/textarea>\t\t<form class=\"elementor-form\" method=\"post\" name=\"Nou formulari\">\n\t\t\t<input type=\"hidden\" name=\"post_id\" value=\"3417\"\/>\n\t\t\t<input type=\"hidden\" name=\"form_id\" value=\"5d5a82d\"\/>\n\t\t\t<input type=\"hidden\" name=\"referer_title\" value=\"La c\u00e1mara M\u00e1gica\" \/>\n\n\t\t\t\n\t\t\t<div class=\"elementor-form-fields-wrapper elementor-labels-above\">\n\t\t\t\t\t\t\t\t<div class=\"elementor-field-type-text elementor-field-group elementor-column elementor-field-group-name elementor-col-100\">\n\t\t\t\t\t\t\t\t\t\t\t\t<label for=\"form-field-name\" class=\"elementor-field-label\">\n\t\t\t\t\t\t\t\tNom\t\t\t\t\t\t\t<\/label>\n\t\t\t\t\t\t\t\t\t\t\t\t\t\t<input size=\"1\" type=\"text\" name=\"form_fields[name]\" id=\"form-field-name\" class=\"elementor-field elementor-size-sm  elementor-field-textual\">\n\t\t\t\t\t\t\t\t\t\t\t<\/div>\n\t\t\t\t\t\t\t\t<div class=\"elementor-field-type-email elementor-field-group elementor-column elementor-field-group-email elementor-col-100 elementor-field-required\">\n\t\t\t\t\t\t\t\t\t\t\t\t<label for=\"form-field-email\" class=\"elementor-field-label\">\n\t\t\t\t\t\t\t\tCorreu electr\u00f2nic\t\t\t\t\t\t\t<\/label>\n\t\t\t\t\t\t\t\t\t\t\t\t\t\t<input size=\"1\" type=\"email\" name=\"form_fields[email]\" id=\"form-field-email\" class=\"elementor-field elementor-size-sm  elementor-field-textual\" required=\"required\" aria-required=\"true\">\n\t\t\t\t\t\t\t\t\t\t\t<\/div>\n\t\t\t\t\t\t\t\t<div class=\"elementor-field-type-tel elementor-field-group elementor-column elementor-field-group-field_38b42aa elementor-col-100 elementor-field-required\">\n\t\t\t\t\t\t\t\t\t\t\t\t<label for=\"form-field-field_38b42aa\" class=\"elementor-field-label\">\n\t\t\t\t\t\t\t\tTel\u00e8fon\t\t\t\t\t\t\t<\/label>\n\t\t\t\t\t\t\t\t<input size=\"1\" type=\"tel\" name=\"form_fields[field_38b42aa]\" id=\"form-field-field_38b42aa\" class=\"elementor-field elementor-size-sm  elementor-field-textual\" required=\"required\" aria-required=\"true\" pattern=\"[0-9()#&amp;+*-=.]+\" title=\"Only numbers and phone characters (#, -, *, etc) are accepted.\">\n\n\t\t\t\t\t\t<\/div>\n\t\t\t\t\t\t\t\t<div class=\"elementor-field-type-text elementor-field-group elementor-column elementor-field-group-field_9f0126b elementor-col-100 elementor-field-required\">\n\t\t\t\t\t\t\t\t\t\t\t\t<label for=\"form-field-field_9f0126b\" class=\"elementor-field-label\">\n\t\t\t\t\t\t\t\tAssumpte\t\t\t\t\t\t\t<\/label>\n\t\t\t\t\t\t\t\t\t\t\t\t\t\t<input size=\"1\" type=\"text\" name=\"form_fields[field_9f0126b]\" id=\"form-field-field_9f0126b\" class=\"elementor-field elementor-size-sm  elementor-field-textual\" required=\"required\" aria-required=\"true\">\n\t\t\t\t\t\t\t\t\t\t\t<\/div>\n\t\t\t\t\t\t\t\t<div class=\"elementor-field-type-textarea elementor-field-group elementor-column elementor-field-group-message elementor-col-100\">\n\t\t\t\t\t\t\t\t\t\t\t\t<label for=\"form-field-message\" class=\"elementor-field-label\">\n\t\t\t\t\t\t\t\tMissatge\t\t\t\t\t\t\t<\/label>\n\t\t\t\t\t\t<textarea class=\"elementor-field-textual elementor-field  elementor-size-sm\" name=\"form_fields[message]\" id=\"form-field-message\" rows=\"4\"><\/textarea>\t\t\t\t<\/div>\n\t\t\t\t\t\t\t\t<div class=\"elementor-field-type-recaptcha_v3 elementor-field-group elementor-column elementor-field-group-field_3db8b5f elementor-col-100 recaptcha_v3-bottomright\">\n\t\t\t\t\t<div class=\"elementor-field\" id=\"form-field-field_3db8b5f\"><div class=\"elementor-g-recaptcha\" data-sitekey=\"6Le-xK0pAAAAAO2Bto2YkpuJAREhC-ThYUOrzNmN\" data-type=\"v3\" data-action=\"Form\" data-badge=\"bottomright\" data-size=\"invisible\"><\/div><\/div>\t\t\t\t<\/div>\n\t\t\t\t\t\t\t\t<div class=\"elementor-field-type-acceptance elementor-field-group elementor-column elementor-field-group-field_25b76f0 elementor-col-100\">\n\t\t\t\t\t\t\t<div class=\"elementor-field-subgroup\">\n\t\t\t<span class=\"elementor-field-option\">\n\t\t\t\t<input type=\"checkbox\" name=\"form_fields[field_25b76f0]\" id=\"form-field-field_25b76f0\" class=\"elementor-field elementor-size-sm  elementor-acceptance-field\">\n\t\t\t\t<label for=\"form-field-field_25b76f0\">He llegit la pol\u00edtica de privacitat i accepto el tractament de les meves dades per al tr\u00e0mit de la sol\u00b7licitud realitzada.<\/label>\t\t\t<\/span>\n\t\t<\/div>\n\t\t\t\t\t\t<\/div>\n\t\t\t\t\t\t\t\t<div class=\"elementor-field-type-recaptcha_v3 elementor-field-group elementor-column elementor-field-group-field_951beed elementor-col-100 recaptcha_v3-bottomright\">\n\t\t\t\t\t<div class=\"elementor-field\" id=\"form-field-field_951beed\"><div class=\"elementor-g-recaptcha\" data-sitekey=\"6Le-xK0pAAAAAO2Bto2YkpuJAREhC-ThYUOrzNmN\" data-type=\"v3\" data-action=\"Form\" data-badge=\"bottomright\" data-size=\"invisible\"><\/div><\/div>\t\t\t\t<\/div>\n\t\t\t\t\t\t\t\t<div class=\"elementor-field-group elementor-column elementor-field-type-submit elementor-col-25 e-form__buttons\">\n\t\t\t\t\t<button class=\"elementor-button elementor-size-sm\" type=\"submit\">\n\t\t\t\t\t\t<span class=\"elementor-button-content-wrapper\">\n\t\t\t\t\t\t\t\t\t\t\t\t\t\t\t\t\t\t\t\t\t\t<span class=\"elementor-button-text\">Enviar<\/span>\n\t\t\t\t\t\t\t\t\t\t\t\t\t<\/span>\n\t\t\t\t\t<\/button>\n\t\t\t\t<\/div>\n\t\t\t<\/div>\n\t\t<\/form>\n\t\t\t\t\t\t<\/div>\n\t\t\t\t<\/div>\n\t\t\t\t<\/div>\n\t\t\t\t\t<\/div>\n\t\t\t\t<\/div>\n\t\t\t\t<\/section>\n\t\t<div class=\"elementor-element elementor-element-35cf12f elementor-hidden-tablet elementor-hidden-mobile e-flex e-con-boxed e-con e-parent\" data-id=\"35cf12f\" data-element_type=\"container\">\n\t\t\t\t\t<div class=\"e-con-inner\">\n\t\t\t\t<div class=\"elementor-element elementor-element-6691279 elementor-absolute elementor-widget elementor-widget-image\" data-id=\"6691279\" data-element_type=\"widget\" data-settings=\"{&quot;_position&quot;:&quot;absolute&quot;}\" data-widget_type=\"image.default\">\n\t\t\t\t<div class=\"elementor-widget-container\">\n\t\t\t\t\t\t\t\t\t\t\t\t\t\t\t<img fetchpriority=\"high\" decoding=\"async\" width=\"800\" height=\"677\" src=\"https:\/\/lacamaramagica.es\/wp-content\/uploads\/2023\/09\/Ellipse-27-1.png\" class=\"attachment-large size-large wp-image-702\" alt=\"\" srcset=\"https:\/\/lacamaramagica.es\/wp-content\/uploads\/2023\/09\/Ellipse-27-1.png 815w, https:\/\/lacamaramagica.es\/wp-content\/uploads\/2023\/09\/Ellipse-27-1-300x254.png 300w, https:\/\/lacamaramagica.es\/wp-content\/uploads\/2023\/09\/Ellipse-27-1-768x650.png 768w\" sizes=\"(max-width: 800px) 100vw, 800px\" \/>\t\t\t\t\t\t\t\t\t\t\t\t\t\t\t<\/div>\n\t\t\t\t<\/div>\n\t\t\t\t\t<\/div>\n\t\t\t\t<\/div>\n\t\t\t\t<\/div>\n\t\t","protected":false},"excerpt":{"rendered":"<p>Si tens alguna pregunta o necessites m\u00e9s informaci\u00f3, no dubtis a contactar amb mi. Carrer Nou, 1, Local C, 08840 Viladecans, Barcelona 694 45 39 78 Reserva la teva cita<\/p>\n","protected":false},"author":1,"featured_media":0,"parent":0,"menu_order":0,"comment_status":"closed","ping_status":"closed","template":"","meta":{"_acf_changed":false,"footnotes":""},"class_list":["post-3417","page","type-page","status-publish","hentry"],"acf":[],"yoast_head":"<!-- This site is optimized with the Yoast SEO plugin v24.2 - https:\/\/yoast.com\/wordpress\/plugins\/seo\/ -->\n<title>Contacte - La c\u00e1mara M\u00e1gica<\/title>\n<meta name=\"robots\" content=\"index, follow, max-snippet:-1, max-image-preview:large, max-video-preview:-1\" \/>\n<link rel=\"canonical\" href=\"https:\/\/lacamaramagica.es\/ca\/contacte\/\" \/>\n<meta property=\"og:locale\" content=\"ca_ES\" \/>\n<meta property=\"og:type\" content=\"article\" \/>\n<meta property=\"og:title\" content=\"Contacte - La c\u00e1mara M\u00e1gica\" \/>\n<meta property=\"og:description\" content=\"Si tens alguna pregunta o necessites m\u00e9s informaci\u00f3, no dubtis a contactar amb mi. Carrer Nou, 1, Local C, 08840 Viladecans, Barcelona 694 45 39 78 Reserva la teva cita\" \/>\n<meta property=\"og:url\" content=\"https:\/\/lacamaramagica.es\/ca\/contacte\/\" \/>\n<meta property=\"og:site_name\" content=\"La c\u00e1mara M\u00e1gica\" \/>\n<meta property=\"article:publisher\" content=\"https:\/\/www.facebook.com\/profile.php?id=100083138778426\" \/>\n<meta property=\"article:modified_time\" content=\"2024-09-23T14:50:17+00:00\" \/>\n<meta property=\"og:image\" content=\"https:\/\/lacamaramagica.es\/wp-content\/uploads\/2023\/09\/Ellipse-27-1.png\" \/>\n<meta name=\"twitter:card\" content=\"summary_large_image\" \/>\n<script type=\"application\/ld+json\" class=\"yoast-schema-graph\">{\"@context\":\"https:\/\/schema.org\",\"@graph\":[{\"@type\":\"WebPage\",\"@id\":\"https:\/\/lacamaramagica.es\/ca\/contacte\/\",\"url\":\"https:\/\/lacamaramagica.es\/ca\/contacte\/\",\"name\":\"Contacte - La c\u00e1mara M\u00e1gica\",\"isPartOf\":{\"@id\":\"https:\/\/lacamaramagica.es\/#website\"},\"primaryImageOfPage\":{\"@id\":\"https:\/\/lacamaramagica.es\/ca\/contacte\/#primaryimage\"},\"image\":{\"@id\":\"https:\/\/lacamaramagica.es\/ca\/contacte\/#primaryimage\"},\"thumbnailUrl\":\"https:\/\/lacamaramagica.es\/wp-content\/uploads\/2023\/09\/Ellipse-27-1.png\",\"datePublished\":\"2023-09-14T08:13:21+00:00\",\"dateModified\":\"2024-09-23T14:50:17+00:00\",\"breadcrumb\":{\"@id\":\"https:\/\/lacamaramagica.es\/ca\/contacte\/#breadcrumb\"},\"inLanguage\":\"ca\",\"potentialAction\":[{\"@type\":\"ReadAction\",\"target\":[\"https:\/\/lacamaramagica.es\/ca\/contacte\/\"]}]},{\"@type\":\"ImageObject\",\"inLanguage\":\"ca\",\"@id\":\"https:\/\/lacamaramagica.es\/ca\/contacte\/#primaryimage\",\"url\":\"https:\/\/lacamaramagica.es\/wp-content\/uploads\/2023\/09\/Ellipse-27-1.png\",\"contentUrl\":\"https:\/\/lacamaramagica.es\/wp-content\/uploads\/2023\/09\/Ellipse-27-1.png\"},{\"@type\":\"BreadcrumbList\",\"@id\":\"https:\/\/lacamaramagica.es\/ca\/contacte\/#breadcrumb\",\"itemListElement\":[{\"@type\":\"ListItem\",\"position\":1,\"name\":\"Home\",\"item\":\"https:\/\/lacamaramagica.es\/ca\/inici\/\"},{\"@type\":\"ListItem\",\"position\":2,\"name\":\"Contacte\"}]},{\"@type\":\"WebSite\",\"@id\":\"https:\/\/lacamaramagica.es\/#website\",\"url\":\"https:\/\/lacamaramagica.es\/\",\"name\":\"La C\u00e1mara M\u00e1gica\",\"description\":\"\",\"publisher\":{\"@id\":\"https:\/\/lacamaramagica.es\/#organization\"},\"potentialAction\":[{\"@type\":\"SearchAction\",\"target\":{\"@type\":\"EntryPoint\",\"urlTemplate\":\"https:\/\/lacamaramagica.es\/?s={search_term_string}\"},\"query-input\":{\"@type\":\"PropertyValueSpecification\",\"valueRequired\":true,\"valueName\":\"search_term_string\"}}],\"inLanguage\":\"ca\"},{\"@type\":\"Organization\",\"@id\":\"https:\/\/lacamaramagica.es\/#organization\",\"name\":\"La C\u00e1mara M\u00e1gica\",\"url\":\"https:\/\/lacamaramagica.es\/\",\"logo\":{\"@type\":\"ImageObject\",\"inLanguage\":\"ca\",\"@id\":\"https:\/\/lacamaramagica.es\/#\/schema\/logo\/image\/\",\"url\":\"https:\/\/lacamaramagica.es\/wp-content\/uploads\/2023\/09\/Group-234.png\",\"contentUrl\":\"https:\/\/lacamaramagica.es\/wp-content\/uploads\/2023\/09\/Group-234.png\",\"width\":534,\"height\":131,\"caption\":\"La C\u00e1mara M\u00e1gica\"},\"image\":{\"@id\":\"https:\/\/lacamaramagica.es\/#\/schema\/logo\/image\/\"},\"sameAs\":[\"https:\/\/www.facebook.com\/profile.php?id=100083138778426\",\"https:\/\/www.instagram.com\/la_camara_magica_studio\/\"]}]}<\/script>\n<!-- \/ Yoast SEO plugin. -->","yoast_head_json":{"title":"Contacte - La c\u00e1mara M\u00e1gica","robots":{"index":"index","follow":"follow","max-snippet":"max-snippet:-1","max-image-preview":"max-image-preview:large","max-video-preview":"max-video-preview:-1"},"canonical":"https:\/\/lacamaramagica.es\/ca\/contacte\/","og_locale":"ca_ES","og_type":"article","og_title":"Contacte - La c\u00e1mara M\u00e1gica","og_description":"Si tens alguna pregunta o necessites m\u00e9s informaci\u00f3, no dubtis a contactar amb mi. Carrer Nou, 1, Local C, 08840 Viladecans, Barcelona 694 45 39 78 Reserva la teva cita","og_url":"https:\/\/lacamaramagica.es\/ca\/contacte\/","og_site_name":"La c\u00e1mara M\u00e1gica","article_publisher":"https:\/\/www.facebook.com\/profile.php?id=100083138778426","article_modified_time":"2024-09-23T14:50:17+00:00","og_image":[{"url":"https:\/\/lacamaramagica.es\/wp-content\/uploads\/2023\/09\/Ellipse-27-1.png","type":"","width":"","height":""}],"twitter_card":"summary_large_image","schema":{"@context":"https:\/\/schema.org","@graph":[{"@type":"WebPage","@id":"https:\/\/lacamaramagica.es\/ca\/contacte\/","url":"https:\/\/lacamaramagica.es\/ca\/contacte\/","name":"Contacte - La c\u00e1mara M\u00e1gica","isPartOf":{"@id":"https:\/\/lacamaramagica.es\/#website"},"primaryImageOfPage":{"@id":"https:\/\/lacamaramagica.es\/ca\/contacte\/#primaryimage"},"image":{"@id":"https:\/\/lacamaramagica.es\/ca\/contacte\/#primaryimage"},"thumbnailUrl":"https:\/\/lacamaramagica.es\/wp-content\/uploads\/2023\/09\/Ellipse-27-1.png","datePublished":"2023-09-14T08:13:21+00:00","dateModified":"2024-09-23T14:50:17+00:00","breadcrumb":{"@id":"https:\/\/lacamaramagica.es\/ca\/contacte\/#breadcrumb"},"inLanguage":"ca","potentialAction":[{"@type":"ReadAction","target":["https:\/\/lacamaramagica.es\/ca\/contacte\/"]}]},{"@type":"ImageObject","inLanguage":"ca","@id":"https:\/\/lacamaramagica.es\/ca\/contacte\/#primaryimage","url":"https:\/\/lacamaramagica.es\/wp-content\/uploads\/2023\/09\/Ellipse-27-1.png","contentUrl":"https:\/\/lacamaramagica.es\/wp-content\/uploads\/2023\/09\/Ellipse-27-1.png"},{"@type":"BreadcrumbList","@id":"https:\/\/lacamaramagica.es\/ca\/contacte\/#breadcrumb","itemListElement":[{"@type":"ListItem","position":1,"name":"Home","item":"https:\/\/lacamaramagica.es\/ca\/inici\/"},{"@type":"ListItem","position":2,"name":"Contacte"}]},{"@type":"WebSite","@id":"https:\/\/lacamaramagica.es\/#website","url":"https:\/\/lacamaramagica.es\/","name":"La C\u00e1mara M\u00e1gica","description":"","publisher":{"@id":"https:\/\/lacamaramagica.es\/#organization"},"potentialAction":[{"@type":"SearchAction","target":{"@type":"EntryPoint","urlTemplate":"https:\/\/lacamaramagica.es\/?s={search_term_string}"},"query-input":{"@type":"PropertyValueSpecification","valueRequired":true,"valueName":"search_term_string"}}],"inLanguage":"ca"},{"@type":"Organization","@id":"https:\/\/lacamaramagica.es\/#organization","name":"La C\u00e1mara M\u00e1gica","url":"https:\/\/lacamaramagica.es\/","logo":{"@type":"ImageObject","inLanguage":"ca","@id":"https:\/\/lacamaramagica.es\/#\/schema\/logo\/image\/","url":"https:\/\/lacamaramagica.es\/wp-content\/uploads\/2023\/09\/Group-234.png","contentUrl":"https:\/\/lacamaramagica.es\/wp-content\/uploads\/2023\/09\/Group-234.png","width":534,"height":131,"caption":"La C\u00e1mara M\u00e1gica"},"image":{"@id":"https:\/\/lacamaramagica.es\/#\/schema\/logo\/image\/"},"sameAs":["https:\/\/www.facebook.com\/profile.php?id=100083138778426","https:\/\/www.instagram.com\/la_camara_magica_studio\/"]}]}},"_links":{"self":[{"href":"https:\/\/lacamaramagica.es\/ca\/wp-json\/wp\/v2\/pages\/3417","targetHints":{"allow":["GET"]}}],"collection":[{"href":"https:\/\/lacamaramagica.es\/ca\/wp-json\/wp\/v2\/pages"}],"about":[{"href":"https:\/\/lacamaramagica.es\/ca\/wp-json\/wp\/v2\/types\/page"}],"author":[{"embeddable":true,"href":"https:\/\/lacamaramagica.es\/ca\/wp-json\/wp\/v2\/users\/1"}],"replies":[{"embeddable":true,"href":"https:\/\/lacamaramagica.es\/ca\/wp-json\/wp\/v2\/comments?post=3417"}],"version-history":[{"count":16,"href":"https:\/\/lacamaramagica.es\/ca\/wp-json\/wp\/v2\/pages\/3417\/revisions"}],"predecessor-version":[{"id":4228,"href":"https:\/\/lacamaramagica.es\/ca\/wp-json\/wp\/v2\/pages\/3417\/revisions\/4228"}],"wp:attachment":[{"href":"https:\/\/lacamaramagica.es\/ca\/wp-json\/wp\/v2\/media?parent=3417"}],"curies":[{"name":"wp","href":"https:\/\/api.w.org\/{rel}","templated":true}]}}